{"id":6250,"date":"2025-01-22T10:55:39","date_gmt":"2025-01-22T10:55:39","guid":{"rendered":"https:\/\/greco-project.org\/course\/?page_id=6250"},"modified":"2025-01-22T11:15:53","modified_gmt":"2025-01-22T11:15:53","slug":"login","status":"publish","type":"page","link":"https:\/\/greco-project.org\/course\/sl\/login\/","title":{"rendered":"Prijava"},"content":{"rendered":"\n[et_pb_section fb_built=&#8221;1&#8243; _builder_version=&#8221;4.27.0&#8243; _module_preset=&#8221;default&#8221; background_color=&#8221;#255D7F&#8221; global_colors_info=&#8221;{}&#8221; theme_builder_area=&#8221;post_content&#8221;][et_pb_row column_structure=&#8221;1_4,1_2,1_4&#8243; _builder_version=&#8221;4.27.0&#8243; _module_preset=&#8221;default&#8221; global_colors_info=&#8221;{}&#8221; theme_builder_area=&#8221;post_content&#8221;][et_pb_column type=&#8221;1_4&#8243; _builder_version=&#8221;4.27.0&#8243; _module_preset=&#8221;default&#8221; global_colors_info=&#8221;{}&#8221; theme_builder_area=&#8221;post_content&#8221;][et_pb_image src=&#8221;https:\/\/greco-project.org\/course\/wp-content\/uploads\/2024\/07\/grecoproject-course-logo-2.png&#8221; title_text=&#8221;grecoproject-course-logo (2)&#8221; _builder_version=&#8221;4.27.0&#8243; _module_preset=&#8221;default&#8221; global_colors_info=&#8221;{}&#8221; theme_builder_area=&#8221;post_content&#8221;][\/et_pb_image][\/et_pb_column][et_pb_column type=&#8221;1_2&#8243; _builder_version=&#8221;4.27.0&#8243; _module_preset=&#8221;default&#8221; global_colors_info=&#8221;{}&#8221; theme_builder_area=&#8221;post_content&#8221;][et_pb_text _builder_version=&#8221;4.27.0&#8243; _module_preset=&#8221;default&#8221; text_text_color=&#8221;#255D7F&#8221; text_font_size=&#8221;17px&#8221; text_line_height=&#8221;1.6em&#8221; background_color=&#8221;#FFFFFF&#8221; text_orientation=&#8221;center&#8221; display_conditions=&#8221;W3siaWQiOiI5N2FhOTkyMC1lOWZmLTQwY2MtYjdkMy0wMWI2ODE5YWFiYjkiLCJjb25kaXRpb24iOiJ1cmxQYXJhbWV0ZXIiLCJjb25kaXRpb25TZXR0aW5ncyI6eyJzZWxlY3RVcmxQYXJhbWV0ZXIiOiJzcGVjaWZpY1VybFBhcmFtZXRlciIsInVybFBhcmFtZXRlck5hbWUiOiJmcm9tIiwiZGlzcGxheVJ1bGUiOiJlcXVhbHMiLCJ1cmxQYXJhbWV0ZXJWYWx1ZSI6InJlc2V0X3Bhc3N3b3JkIiwiYWRtaW5MYWJlbCI6IlVSTCBQYXJhbWV0ZXIiLCJlbmFibGVDb25kaXRpb24iOiJvbiJ9LCJvcGVyYXRvciI6Ik9SIn1d&#8221; custom_padding=&#8221;10px|10px|10px|10px|true|true&#8221; border_width_all=&#8221;2px&#8221; border_color_all=&#8221;#E02B20&#8243; global_colors_info=&#8221;{}&#8221; theme_builder_area=&#8221;post_content&#8221;]<p>Poslano je bilo e-po\u0161tno sporo\u010dilo za ponastavitev va\u0161ega gesla. \u010ce ste \u017ee nastavili novo geslo, dostopite z novim geslom na naslednjem obrazcu:<\/p>[\/et_pb_text][wpforms_selector form_id=&#8221;6259&#8243; show_title=&#8221;off&#8221; _builder_version=&#8221;4.27.4&#8243; _module_preset=&#8221;default&#8221; module_alignment=&#8221;center&#8221; custom_padding=&#8221;|0px||0px|false|true&#8221; hover_enabled=&#8221;0&#8243; global_colors_info=&#8221;{}&#8221; theme_builder_area=&#8221;post_content&#8221; sticky_enabled=&#8221;0&#8243;][\/wpforms_selector][et_pb_text _builder_version=&#8221;4.27.4&#8243; _module_preset=&#8221;default&#8221; text_font=&#8221;&#8211;et_global_heading_font|600|||on||||&#8221; text_text_color=&#8221;#98AEBF&#8221; text_orientation=&#8221;center&#8221; hover_enabled=&#8221;0&#8243; global_colors_info=&#8221;{}&#8221; theme_builder_area=&#8221;post_content&#8221; sticky_enabled=&#8221;0&#8243;]<p><a href=\"https:\/\/greco-project.org\/course\/reset-password\/\" target=\"_blank\" rel=\"noopener\">Ste pozabili geslo?<\/a><\/p>[\/et_pb_text][et_pb_divider color=&#8221;#FFFFFF&#8221; divider_weight=&#8221;3px&#8221; _builder_version=&#8221;4.27.0&#8243; _module_preset=&#8221;default&#8221; global_colors_info=&#8221;{}&#8221; theme_builder_area=&#8221;post_content&#8221;][\/et_pb_divider][et_pb_button button_url=&#8221;@ET-DC@eyJkeW5hbWljIjp0cnVlLCJjb250ZW50IjoicG9zdF9saW5rX3VybF9wYWdlIiwic2V0dGluZ3MiOnsicG9zdF9pZCI6IjExIn19@&#8221; button_text=&#8221;Ustvarite ra\u010dun&#8221; button_alignment=&#8221;center&#8221; _builder_version=&#8221;4.27.4&#8243; _dynamic_attributes=&#8221;button_url&#8221; _module_preset=&#8221;default&#8221; hover_enabled=&#8221;0&#8243; global_colors_info=&#8221;{}&#8221; theme_builder_area=&#8221;post_content&#8221; sticky_enabled=&#8221;0&#8243;][\/et_pb_button][\/et_pb_column][et_pb_column type=&#8221;1_4&#8243; _builder_version=&#8221;4.27.0&#8243; _module_preset=&#8221;default&#8221; global_colors_info=&#8221;{}&#8221; theme_builder_area=&#8221;post_content&#8221;][\/et_pb_column][\/et_pb_row][\/et_pb_section]\n","protected":false},"excerpt":{"rendered":"<p>Poslano je bilo e-po\u0161tno sporo\u010dilo za ponastavitev va\u0161ega gesla. \u010ce ste \u017ee nastavili novo geslo, dostopite z novim geslom na naslednjem obrazcu:<div class=\"et_pb_module wpforms_selector wpforms_selector_0\">\n\t\t\t\t\n\t\t\t\t\n\t\t\t\t\n\t\t\t\t\n\t\t\t\t\n\t\t\t\t\n\t\t\t\t<div class=\"et_pb_module_inner\">\n\t\t\t\t\t<div class=\"wpforms-container wpforms-container-full wpforms-render-modern\" id=\"wpforms-6259\"><form id=\"wpforms-form-6259\" class=\"wpforms-validate wpforms-form\" data-formid=\"6259\" method=\"post\" enctype=\"multipart\/form-data\" action=\"\/course\/sl\/wp-json\/wp\/v2\/pages\/6250\" data-token=\"2e9d6ed25ec8f644452f951d6157af01\" data-token-time=\"1777052779\"><noscript class=\"wpforms-error-noscript\">Please enable JavaScript in your browser to complete this form.<\/noscript><div class=\"wpforms-hidden\" id=\"wpforms-error-noscript\">Please enable JavaScript in your browser to complete this form.<\/div><div class=\"wpforms-field-container\"><div id=\"wpforms-6259-field_2-container\" class=\"wpforms-field wpforms-field-text form-field\" data-field-id=\"2\"><label class=\"wpforms-field-label\" for=\"wpforms-6259-field_2\">Uporabni\u0161ko ime ali e-po\u0161ta <span class=\"wpforms-required-label\" aria-hidden=\"true\">*<\/span><\/label><input type=\"text\" id=\"wpforms-6259-field_2\" class=\"wpforms-field-large wpforms-field-required\" name=\"wpforms[fields][2]\" aria-errormessage=\"wpforms-6259-field_2-error\" required><\/div><div id=\"wpforms-6259-field_0-container\" class=\"wpforms-field wpforms-field-password form-field\" data-field-id=\"0\"><label class=\"wpforms-field-label\" for=\"wpforms-6259-field_0\">Geslo <span class=\"wpforms-required-label\" aria-hidden=\"true\">*<\/span><\/label><input type=\"password\" id=\"wpforms-6259-field_0\" class=\"wpforms-field-large wpforms-field-required\" name=\"wpforms[fields][0]\" spellcheck=\"false\" aria-errormessage=\"wpforms-6259-field_0-error\" required><\/div><div id=\"wpforms-6259-field_3-container\" class=\"wpforms-field wpforms-field-checkbox\" data-field-id=\"3\"><fieldset><legend class=\"wpforms-field-label wpforms-label-hide\" aria-hidden=\"false\">Zapomni si me<\/legend><ul id=\"wpforms-6259-field_3\"><li class=\"choice-1 depth-1\"><input type=\"checkbox\" id=\"wpforms-6259-field_3_1\" name=\"wpforms[fields][3][]\" value=\"Zapomni si me\" aria-errormessage=\"wpforms-6259-field_3_1-error\"  ><label class=\"wpforms-field-label-inline\" for=\"wpforms-6259-field_3_1\">Zapomni si me<\/label><\/li><\/ul><\/fieldset><\/div><\/div><!-- .wpforms-field-container --><div class=\"wpforms-submit-container\" ><input type=\"hidden\" name=\"wpforms[id]\" value=\"6259\"><input type=\"hidden\" name=\"page_title\" value=\"\"><input type=\"hidden\" name=\"page_url\" value=\"https:\/\/greco-project.org\/course\/sl\/wp-json\/wp\/v2\/pages\/6250\"><button type=\"submit\" name=\"wpforms[submit]\" id=\"wpforms-submit-6259\" class=\"wpforms-submit\" aria-live=\"assertive\" value=\"wpforms-submit\">Po\u0161lji<\/button><\/div><\/form><\/div>  <!-- .wpforms-container -->\n\t\t\t\t<\/div>\n\t\t\t<\/div>Ste pozabili geslo?<\/p>\n","protected":false},"author":1,"featured_media":0,"parent":0,"menu_order":0,"comment_status":"closed","ping_status":"closed","template":"","meta":{"_et_pb_use_builder":"on","_et_pb_old_content":"","_et_gb_content_width":"","footnotes":""},"class_list":["post-6250","page","type-page","status-publish","hentry"],"_links":{"self":[{"href":"https:\/\/greco-project.org\/course\/sl\/wp-json\/wp\/v2\/pages\/6250","targetHints":{"allow":["GET"]}}],"collection":[{"href":"https:\/\/greco-project.org\/course\/sl\/wp-json\/wp\/v2\/pages"}],"about":[{"href":"https:\/\/greco-project.org\/course\/sl\/wp-json\/wp\/v2\/types\/page"}],"author":[{"embeddable":true,"href":"https:\/\/greco-project.org\/course\/sl\/wp-json\/wp\/v2\/users\/1"}],"replies":[{"embeddable":true,"href":"https:\/\/greco-project.org\/course\/sl\/wp-json\/wp\/v2\/comments?post=6250"}],"version-history":[{"count":3,"href":"https:\/\/greco-project.org\/course\/sl\/wp-json\/wp\/v2\/pages\/6250\/revisions"}],"predecessor-version":[{"id":6273,"href":"https:\/\/greco-project.org\/course\/sl\/wp-json\/wp\/v2\/pages\/6250\/revisions\/6273"}],"wp:attachment":[{"href":"https:\/\/greco-project.org\/course\/sl\/wp-json\/wp\/v2\/media?parent=6250"}],"curies":[{"name":"wp","href":"https:\/\/api.w.org\/{rel}","templated":true}]}}